{"id":33,"date":"2025-07-02T21:53:46","date_gmt":"2025-07-02T14:53:46","guid":{"rendered":"https:\/\/hanoi-signature.net\/?page_id=33"},"modified":"2025-09-11T12:51:15","modified_gmt":"2025-09-11T05:51:15","slug":"chinh-sach","status":"publish","type":"page","link":"https:\/\/hanoi-signature.net\/en\/chinh-sach\/","title":{"rendered":"Policy"},"content":{"rendered":"<div data-elementor-type=\"wp-page\" data-elementor-id=\"33\" class=\"elementor elementor-33\" data-elementor-post-type=\"page\">\n\t\t\t\t<div class=\"elementor-element elementor-element-0ac26a5 e-con-full banner-top-2 e-flex e-con e-parent\" data-id=\"0ac26a5\" data-element_type=\"container\" data-settings=\"{&quot;background_background&quot;:&quot;classic&quot;}\">\n\t\t\t\t<\/div>\n\t\t<div class=\"elementor-element elementor-element-4c5dd3c e-con-full e-flex e-con e-parent\" data-id=\"4c5dd3c\" data-element_type=\"container\" data-settings=\"{&quot;background_background&quot;:&quot;classic&quot;}\">\n\t\t\t\t<div class=\"elementor-element elementor-element-0f4dda3 elementor-absolute itm-scroll-1 elementor-widget elementor-widget-image\" data-id=\"0f4dda3\" data-element_type=\"widget\" data-settings=\"{&quot;_position&quot;:&quot;absolute&quot;}\" data-widget_type=\"image.default\">\n\t\t\t\t<div class=\"elementor-widget-container\">\n\t\t\t\t\t\t\t\t\t\t\t\t\t\t\t<img decoding=\"async\" width=\"96\" height=\"120\" src=\"https:\/\/hanoi-signature.net\/wp-content\/uploads\/2025\/07\/scroll-icon-wrap.png\" class=\"attachment-large size-large wp-image-237\" alt=\"Scroll Icon Wrap\" srcset=\"https:\/\/hanoi-signature.net\/wp-content\/uploads\/2025\/07\/scroll-icon-wrap.png 96w, https:\/\/hanoi-signature.net\/wp-content\/uploads\/2025\/07\/scroll-icon-wrap-10x12.png 10w\" sizes=\"(max-width: 96px) 100vw, 96px\" \/>\t\t\t\t\t\t\t\t\t\t\t\t\t\t\t<\/div>\n\t\t\t\t<\/div>\n\t\t\t\t<div class=\"elementor-element elementor-element-6343d14 elementor-invisible elementor-widget elementor-widget-image\" data-id=\"6343d14\" data-element_type=\"widget\" data-settings=\"{&quot;_animation&quot;:&quot;fadeInUp&quot;}\" data-widget_type=\"image.default\">\n\t\t\t\t<div class=\"elementor-widget-container\">\n\t\t\t\t\t\t\t\t\t\t\t\t\t\t\t<img decoding=\"async\" width=\"44\" height=\"58\" src=\"https:\/\/hanoi-signature.net\/wp-content\/uploads\/2025\/07\/img-icon.png\" class=\"attachment-large size-large wp-image-352\" alt=\"Img Icon\" srcset=\"https:\/\/hanoi-signature.net\/wp-content\/uploads\/2025\/07\/img-icon.png 44w, https:\/\/hanoi-signature.net\/wp-content\/uploads\/2025\/07\/img-icon-9x12.png 9w\" sizes=\"(max-width: 44px) 100vw, 44px\" \/>\t\t\t\t\t\t\t\t\t\t\t\t\t\t\t<\/div>\n\t\t\t\t<\/div>\n\t\t\t\t<div class=\"elementor-element elementor-element-dea0473 cus-title-1 elementor-widget__width-inherit animated-fast elementor-invisible elementor-widget elementor-widget-heading\" data-id=\"dea0473\" data-element_type=\"widget\" data-settings=\"{&quot;_animation&quot;:&quot;fadeInUp&quot;}\" data-widget_type=\"heading.default\">\n\t\t\t\t<div class=\"elementor-widget-container\">\n\t\t\t\t\t<h3 class=\"elementor-heading-title elementor-size-default\">Sales Policy\n<\/h3>\t\t\t\t<\/div>\n\t\t\t\t<\/div>\n\t\t<div class=\"elementor-element elementor-element-52d1f72 e-flex e-con-boxed e-con e-child\" data-id=\"52d1f72\" data-element_type=\"container\" data-settings=\"{&quot;background_background&quot;:&quot;classic&quot;}\">\n\t\t\t\t\t<div class=\"e-con-inner\">\n\t\t\t\t<div class=\"elementor-element elementor-element-10054dc elementor-widget elementor-widget-image\" data-id=\"10054dc\" data-element_type=\"widget\" data-widget_type=\"image.default\">\n\t\t\t\t<div class=\"elementor-widget-container\">\n\t\t\t\t\t\t\t\t\t\t\t\t\t\t\t\t<a href=\"https:\/\/hanoi-signature.net\/wp-content\/uploads\/2025\/07\/chinh-sach-2.jpg\" data-elementor-open-lightbox=\"yes\" data-elementor-lightbox-title=\"Ch\u00ednh s\u00e1ch b\u00e1n h\u00e0ng H\u00e0 N\u1ed9i Signature\" data-e-action-hash=\"#elementor-action%3Aaction%3Dlightbox%26settings%3DeyJpZCI6MTY1NSwidXJsIjoiaHR0cHM6XC9cL2hhbm9pLXNpZ25hdHVyZS5uZXRcL3dwLWNvbnRlbnRcL3VwbG9hZHNcLzIwMjVcLzA3XC9jaGluaC1zYWNoLTIuanBnIn0%3D\">\n\t\t\t\t\t\t\t<img fetchpriority=\"high\" decoding=\"async\" width=\"1920\" height=\"1080\" src=\"https:\/\/hanoi-signature.net\/wp-content\/uploads\/2025\/07\/chinh-sach-2.jpg\" class=\"attachment-full size-full wp-image-1655\" alt=\"Ch\u00ednh s\u00e1ch b\u00e1n h\u00e0ng H\u00e0 N\u1ed9i Signature\" srcset=\"https:\/\/hanoi-signature.net\/wp-content\/uploads\/2025\/07\/chinh-sach-2.jpg 1920w, https:\/\/hanoi-signature.net\/wp-content\/uploads\/2025\/07\/chinh-sach-2-300x169.jpg 300w, https:\/\/hanoi-signature.net\/wp-content\/uploads\/2025\/07\/chinh-sach-2-1024x576.jpg 1024w, https:\/\/hanoi-signature.net\/wp-content\/uploads\/2025\/07\/chinh-sach-2-768x432.jpg 768w, https:\/\/hanoi-signature.net\/wp-content\/uploads\/2025\/07\/chinh-sach-2-1536x864.jpg 1536w, https:\/\/hanoi-signature.net\/wp-content\/uploads\/2025\/07\/chinh-sach-2-18x10.jpg 18w\" sizes=\"(max-width: 1920px) 100vw, 1920px\" \/>\t\t\t\t\t\t\t\t<\/a>\n\t\t\t\t\t\t\t\t\t\t\t\t\t\t\t<\/div>\n\t\t\t\t<\/div>\n\t\t\t\t<div class=\"elementor-element elementor-element-21a83fc elementor-widget elementor-widget-image\" data-id=\"21a83fc\" data-element_type=\"widget\" data-widget_type=\"image.default\">\n\t\t\t\t<div class=\"elementor-widget-container\">\n\t\t\t\t\t\t\t\t\t\t\t\t\t\t\t\t<a href=\"https:\/\/hanoi-signature.net\/wp-content\/uploads\/2025\/09\/chinh-sach-thanh-toan-1.png\" data-elementor-open-lightbox=\"yes\" data-elementor-lightbox-title=\"chinh sach thanh toan 1\" data-e-action-hash=\"#elementor-action%3Aaction%3Dlightbox%26settings%3DeyJpZCI6Nzg5MSwidXJsIjoiaHR0cHM6XC9cL2hhbm9pLXNpZ25hdHVyZS5uZXRcL3dwLWNvbnRlbnRcL3VwbG9hZHNcLzIwMjVcLzA5XC9jaGluaC1zYWNoLXRoYW5oLXRvYW4tMS5wbmcifQ%3D%3D\">\n\t\t\t\t\t\t\t<img loading=\"lazy\" decoding=\"async\" width=\"1920\" height=\"1080\" src=\"https:\/\/hanoi-signature.net\/wp-content\/uploads\/2025\/09\/chinh-sach-thanh-toan-1.png\" class=\"attachment-full size-full wp-image-7891\" alt=\"Chinh Sach Thanh Toan 1\" srcset=\"https:\/\/hanoi-signature.net\/wp-content\/uploads\/2025\/09\/chinh-sach-thanh-toan-1.png 1920w, https:\/\/hanoi-signature.net\/wp-content\/uploads\/2025\/09\/chinh-sach-thanh-toan-1-300x169.png 300w, https:\/\/hanoi-signature.net\/wp-content\/uploads\/2025\/09\/chinh-sach-thanh-toan-1-1024x576.png 1024w, https:\/\/hanoi-signature.net\/wp-content\/uploads\/2025\/09\/chinh-sach-thanh-toan-1-768x432.png 768w, https:\/\/hanoi-signature.net\/wp-content\/uploads\/2025\/09\/chinh-sach-thanh-toan-1-1536x864.png 1536w, https:\/\/hanoi-signature.net\/wp-content\/uploads\/2025\/09\/chinh-sach-thanh-toan-1-18x10.png 18w\" sizes=\"(max-width: 1920px) 100vw, 1920px\" \/>\t\t\t\t\t\t\t\t<\/a>\n\t\t\t\t\t\t\t\t\t\t\t\t\t\t\t<\/div>\n\t\t\t\t<\/div>\n\t\t\t\t<div class=\"elementor-element elementor-element-2a60829 elementor-widget elementor-widget-image\" data-id=\"2a60829\" data-element_type=\"widget\" data-widget_type=\"image.default\">\n\t\t\t\t<div class=\"elementor-widget-container\">\n\t\t\t\t\t\t\t\t\t\t\t\t\t\t\t\t<a href=\"https:\/\/hanoi-signature.net\/wp-content\/uploads\/2025\/09\/chinh-sach-ban-hang-update.jpg\" data-elementor-open-lightbox=\"yes\" data-elementor-lightbox-title=\"Ch\u00ednh s\u00e1ch b\u00e1n h\u00e0ng H\u00e0 N\u1ed9i Signature\" data-e-action-hash=\"#elementor-action%3Aaction%3Dlightbox%26settings%3DeyJpZCI6Nzg5OCwidXJsIjoiaHR0cHM6XC9cL2hhbm9pLXNpZ25hdHVyZS5uZXRcL3dwLWNvbnRlbnRcL3VwbG9hZHNcLzIwMjVcLzA5XC9jaGluaC1zYWNoLWJhbi1oYW5nLXVwZGF0ZS5qcGcifQ%3D%3D\">\n\t\t\t\t\t\t\t<img loading=\"lazy\" decoding=\"async\" width=\"1776\" height=\"880\" src=\"https:\/\/hanoi-signature.net\/wp-content\/uploads\/2025\/09\/chinh-sach-ban-hang-update.jpg\" class=\"attachment-full size-full wp-image-7898\" alt=\"Ch\u00ednh s\u00e1ch b\u00e1n h\u00e0ng H\u00e0 N\u1ed9i Signature\" srcset=\"https:\/\/hanoi-signature.net\/wp-content\/uploads\/2025\/09\/chinh-sach-ban-hang-update.jpg 1776w, https:\/\/hanoi-signature.net\/wp-content\/uploads\/2025\/09\/chinh-sach-ban-hang-update-300x149.jpg 300w, https:\/\/hanoi-signature.net\/wp-content\/uploads\/2025\/09\/chinh-sach-ban-hang-update-1024x507.jpg 1024w, https:\/\/hanoi-signature.net\/wp-content\/uploads\/2025\/09\/chinh-sach-ban-hang-update-768x381.jpg 768w, https:\/\/hanoi-signature.net\/wp-content\/uploads\/2025\/09\/chinh-sach-ban-hang-update-1536x761.jpg 1536w, https:\/\/hanoi-signature.net\/wp-content\/uploads\/2025\/09\/chinh-sach-ban-hang-update-18x9.jpg 18w\" sizes=\"(max-width: 1776px) 100vw, 1776px\" \/>\t\t\t\t\t\t\t\t<\/a>\n\t\t\t\t\t\t\t\t\t\t\t\t\t\t\t<\/div>\n\t\t\t\t<\/div>\n\t\t\t\t\t<\/div>\n\t\t\t\t<\/div>\n\t\t\t\t<\/div>\n\t\t\t\t<\/div>","protected":false},"excerpt":{"rendered":"<p>Sales Policy<\/p>","protected":false},"author":1,"featured_media":0,"parent":0,"menu_order":0,"comment_status":"closed","ping_status":"closed","template":"elementor_header_footer","meta":{"footnotes":""},"class_list":["post-33","page","type-page","status-publish","hentry"],"yoast_head":"<!-- This site is optimized with the Yoast SEO plugin v25.5 - https:\/\/yoast.com\/wordpress\/plugins\/seo\/ -->\n<title>Ch\u00ednh s\u00e1ch - HANOI Signature<\/title>\n<meta name=\"robots\" content=\"index, follow, max-snippet:-1, max-image-preview:large, max-video-preview:-1\" \/>\n<link rel=\"canonical\" href=\"https:\/\/hanoi-signature.net\/en\/chinh-sach\/\" \/>\n<meta property=\"og:locale\" content=\"en_US\" \/>\n<meta property=\"og:type\" content=\"article\" \/>\n<meta property=\"og:title\" content=\"Ch\u00ednh s\u00e1ch - HANOI Signature\" \/>\n<meta property=\"og:description\" content=\"Ch\u00ednh s\u00e1ch b\u00e1n h\u00e0ng\" \/>\n<meta property=\"og:url\" content=\"https:\/\/hanoi-signature.net\/en\/chinh-sach\/\" \/>\n<meta property=\"og:site_name\" content=\"HANOI Signature\" \/>\n<meta property=\"article:modified_time\" content=\"2025-09-11T05:51:15+00:00\" \/>\n<meta property=\"og:image\" content=\"https:\/\/hanoi-signature.net\/wp-content\/uploads\/2025\/07\/scroll-icon-wrap.png\" \/>\n\t<meta property=\"og:image:width\" content=\"96\" \/>\n\t<meta property=\"og:image:height\" content=\"120\" \/>\n\t<meta property=\"og:image:type\" content=\"image\/png\" \/>\n<meta name=\"twitter:card\" content=\"summary_large_image\" \/>\n<meta name=\"twitter:label1\" content=\"Est. reading time\" \/>\n\t<meta name=\"twitter:data1\" content=\"2 minutes\" \/>\n<script type=\"application\/ld+json\" class=\"yoast-schema-graph\">{\"@context\":\"https:\/\/schema.org\",\"@graph\":[{\"@type\":\"WebPage\",\"@id\":\"https:\/\/hanoi-signature.net\/chinh-sach\/\",\"url\":\"https:\/\/hanoi-signature.net\/chinh-sach\/\",\"name\":\"Ch\u00ednh s\u00e1ch - HANOI Signature\",\"isPartOf\":{\"@id\":\"https:\/\/hanoi-signature.net\/#website\"},\"primaryImageOfPage\":{\"@id\":\"https:\/\/hanoi-signature.net\/chinh-sach\/#primaryimage\"},\"image\":{\"@id\":\"https:\/\/hanoi-signature.net\/chinh-sach\/#primaryimage\"},\"thumbnailUrl\":\"https:\/\/hanoi-signature.net\/wp-content\/uploads\/2025\/07\/scroll-icon-wrap.png\",\"datePublished\":\"2025-07-02T14:53:46+00:00\",\"dateModified\":\"2025-09-11T05:51:15+00:00\",\"breadcrumb\":{\"@id\":\"https:\/\/hanoi-signature.net\/chinh-sach\/#breadcrumb\"},\"inLanguage\":\"en-US\",\"potentialAction\":[{\"@type\":\"ReadAction\",\"target\":[\"https:\/\/hanoi-signature.net\/chinh-sach\/\"]}]},{\"@type\":\"ImageObject\",\"inLanguage\":\"en-US\",\"@id\":\"https:\/\/hanoi-signature.net\/chinh-sach\/#primaryimage\",\"url\":\"https:\/\/hanoi-signature.net\/wp-content\/uploads\/2025\/07\/scroll-icon-wrap.png\",\"contentUrl\":\"https:\/\/hanoi-signature.net\/wp-content\/uploads\/2025\/07\/scroll-icon-wrap.png\"},{\"@type\":\"BreadcrumbList\",\"@id\":\"https:\/\/hanoi-signature.net\/chinh-sach\/#breadcrumb\",\"itemListElement\":[{\"@type\":\"ListItem\",\"position\":1,\"name\":\"Trang ch\u1ee7\",\"item\":\"https:\/\/hanoi-signature.net\/\"},{\"@type\":\"ListItem\",\"position\":2,\"name\":\"Ch\u00ednh s\u00e1ch\"}]},{\"@type\":\"WebSite\",\"@id\":\"https:\/\/hanoi-signature.net\/#website\",\"url\":\"https:\/\/hanoi-signature.net\/\",\"name\":\"HANOI Signature\",\"description\":\"\",\"publisher\":{\"@id\":\"https:\/\/hanoi-signature.net\/#organization\"},\"potentialAction\":[{\"@type\":\"SearchAction\",\"target\":{\"@type\":\"EntryPoint\",\"urlTemplate\":\"https:\/\/hanoi-signature.net\/?s={search_term_string}\"},\"query-input\":{\"@type\":\"PropertyValueSpecification\",\"valueRequired\":true,\"valueName\":\"search_term_string\"}}],\"inLanguage\":\"en-US\"},{\"@type\":\"Organization\",\"@id\":\"https:\/\/hanoi-signature.net\/#organization\",\"name\":\"HANOI Signature\",\"url\":\"https:\/\/hanoi-signature.net\/\",\"logo\":{\"@type\":\"ImageObject\",\"inLanguage\":\"en-US\",\"@id\":\"https:\/\/hanoi-signature.net\/#\/schema\/logo\/image\/\",\"url\":\"https:\/\/hanoi-signature.net\/wp-content\/uploads\/2025\/07\/logo.png\",\"contentUrl\":\"https:\/\/hanoi-signature.net\/wp-content\/uploads\/2025\/07\/logo.png\",\"width\":183,\"height\":138,\"caption\":\"HANOI Signature\"},\"image\":{\"@id\":\"https:\/\/hanoi-signature.net\/#\/schema\/logo\/image\/\"}}]}<\/script>\n<!-- \/ Yoast SEO plugin. -->","yoast_head_json":{"title":"Ch\u00ednh s\u00e1ch - HANOI Signature","robots":{"index":"index","follow":"follow","max-snippet":"max-snippet:-1","max-image-preview":"max-image-preview:large","max-video-preview":"max-video-preview:-1"},"canonical":"https:\/\/hanoi-signature.net\/en\/chinh-sach\/","og_locale":"en_US","og_type":"article","og_title":"Ch\u00ednh s\u00e1ch - HANOI Signature","og_description":"Ch\u00ednh s\u00e1ch b\u00e1n h\u00e0ng","og_url":"https:\/\/hanoi-signature.net\/en\/chinh-sach\/","og_site_name":"HANOI Signature","article_modified_time":"2025-09-11T05:51:15+00:00","og_image":[{"width":96,"height":120,"url":"https:\/\/hanoi-signature.net\/wp-content\/uploads\/2025\/07\/scroll-icon-wrap.png","type":"image\/png"}],"twitter_card":"summary_large_image","twitter_misc":{"Est. reading time":"2 minutes"},"schema":{"@context":"https:\/\/schema.org","@graph":[{"@type":"WebPage","@id":"https:\/\/hanoi-signature.net\/chinh-sach\/","url":"https:\/\/hanoi-signature.net\/chinh-sach\/","name":"Ch\u00ednh s\u00e1ch - HANOI Signature","isPartOf":{"@id":"https:\/\/hanoi-signature.net\/#website"},"primaryImageOfPage":{"@id":"https:\/\/hanoi-signature.net\/chinh-sach\/#primaryimage"},"image":{"@id":"https:\/\/hanoi-signature.net\/chinh-sach\/#primaryimage"},"thumbnailUrl":"https:\/\/hanoi-signature.net\/wp-content\/uploads\/2025\/07\/scroll-icon-wrap.png","datePublished":"2025-07-02T14:53:46+00:00","dateModified":"2025-09-11T05:51:15+00:00","breadcrumb":{"@id":"https:\/\/hanoi-signature.net\/chinh-sach\/#breadcrumb"},"inLanguage":"en-US","potentialAction":[{"@type":"ReadAction","target":["https:\/\/hanoi-signature.net\/chinh-sach\/"]}]},{"@type":"ImageObject","inLanguage":"en-US","@id":"https:\/\/hanoi-signature.net\/chinh-sach\/#primaryimage","url":"https:\/\/hanoi-signature.net\/wp-content\/uploads\/2025\/07\/scroll-icon-wrap.png","contentUrl":"https:\/\/hanoi-signature.net\/wp-content\/uploads\/2025\/07\/scroll-icon-wrap.png"},{"@type":"BreadcrumbList","@id":"https:\/\/hanoi-signature.net\/chinh-sach\/#breadcrumb","itemListElement":[{"@type":"ListItem","position":1,"name":"Trang ch\u1ee7","item":"https:\/\/hanoi-signature.net\/"},{"@type":"ListItem","position":2,"name":"Ch\u00ednh s\u00e1ch"}]},{"@type":"WebSite","@id":"https:\/\/hanoi-signature.net\/#website","url":"https:\/\/hanoi-signature.net\/","name":"HANOI Signature","description":"","publisher":{"@id":"https:\/\/hanoi-signature.net\/#organization"},"potentialAction":[{"@type":"SearchAction","target":{"@type":"EntryPoint","urlTemplate":"https:\/\/hanoi-signature.net\/?s={search_term_string}"},"query-input":{"@type":"PropertyValueSpecification","valueRequired":true,"valueName":"search_term_string"}}],"inLanguage":"en-US"},{"@type":"Organization","@id":"https:\/\/hanoi-signature.net\/#organization","name":"HANOI Signature","url":"https:\/\/hanoi-signature.net\/","logo":{"@type":"ImageObject","inLanguage":"en-US","@id":"https:\/\/hanoi-signature.net\/#\/schema\/logo\/image\/","url":"https:\/\/hanoi-signature.net\/wp-content\/uploads\/2025\/07\/logo.png","contentUrl":"https:\/\/hanoi-signature.net\/wp-content\/uploads\/2025\/07\/logo.png","width":183,"height":138,"caption":"HANOI Signature"},"image":{"@id":"https:\/\/hanoi-signature.net\/#\/schema\/logo\/image\/"}}]}},"_links":{"self":[{"href":"https:\/\/hanoi-signature.net\/en\/wp-json\/wp\/v2\/pages\/33","targetHints":{"allow":["GET"]}}],"collection":[{"href":"https:\/\/hanoi-signature.net\/en\/wp-json\/wp\/v2\/pages"}],"about":[{"href":"https:\/\/hanoi-signature.net\/en\/wp-json\/wp\/v2\/types\/page"}],"author":[{"embeddable":true,"href":"https:\/\/hanoi-signature.net\/en\/wp-json\/wp\/v2\/users\/1"}],"replies":[{"embeddable":true,"href":"https:\/\/hanoi-signature.net\/en\/wp-json\/wp\/v2\/comments?post=33"}],"version-history":[{"count":20,"href":"https:\/\/hanoi-signature.net\/en\/wp-json\/wp\/v2\/pages\/33\/revisions"}],"predecessor-version":[{"id":7901,"href":"https:\/\/hanoi-signature.net\/en\/wp-json\/wp\/v2\/pages\/33\/revisions\/7901"}],"wp:attachment":[{"href":"https:\/\/hanoi-signature.net\/en\/wp-json\/wp\/v2\/media?parent=33"}],"curies":[{"name":"wp","href":"https:\/\/api.w.org\/{rel}","templated":true}]}}